{"id":176,"date":"2020-04-06T17:39:38","date_gmt":"2020-04-06T15:39:38","guid":{"rendered":"https:\/\/events.gfi.ch\/?page_id=176"},"modified":"2020-04-24T13:02:09","modified_gmt":"2020-04-24T11:02:09","slug":"2020-04-23-gfi-business-webinar-unified-next-generation-network-services-management-loesung","status":"publish","type":"page","link":"https:\/\/events.inetum.ch\/?page_id=176","title":{"rendered":"2020-04-23 | Gfi Business Webinar: Unified Next-Generation Network &#038; Services Management L\u00f6sung"},"content":{"rendered":"\n<div class=\"wp-block-image\"><figure class=\"alignleft size-large\"><img loading=\"lazy\" decoding=\"async\" width=\"1024\" height=\"357\" src=\"https:\/\/events.inetum.ch\/wp-content\/uploads\/2020\/04\/BusinessWebinarGfi_2-1024x357.png\" alt=\"\" class=\"wp-image-178\" srcset=\"https:\/\/events.inetum.ch\/wp-content\/uploads\/2020\/04\/BusinessWebinarGfi_2-1024x357.png 1024w, https:\/\/events.inetum.ch\/wp-content\/uploads\/2020\/04\/BusinessWebinarGfi_2-300x104.png 300w, https:\/\/events.inetum.ch\/wp-content\/uploads\/2020\/04\/BusinessWebinarGfi_2-768x267.png 768w, https:\/\/events.inetum.ch\/wp-content\/uploads\/2020\/04\/BusinessWebinarGfi_2-1536x535.png 1536w, https:\/\/events.inetum.ch\/wp-content\/uploads\/2020\/04\/BusinessWebinarGfi_2-2048x713.png 2048w\" sizes=\"(max-width: 1024px) 100vw, 1024px\" \/><\/figure><\/div>\n\n\n\n<p><strong>EVENT<\/strong><\/p>\n\n\n\n<h1 class=\"wp-block-heading\"><strong>Gfi Business Webinar: Unified Next-Generation Network &amp; Services Management L\u00f6sung <\/strong><\/h1>\n\n\n\n<p><\/p>\n\n\n\n<h3 class=\"wp-block-heading\">Donnerstag, 23. April 2020 \u2013 09:30 bis 11:00 Uhr<\/h3>\n\n\n\n<p>StableNet der Firma Infosim bietet Fault-, Performance-, Configuration- und Services Management basierend auf einer einzigen Plattform. <\/p>\n\n\n\n<p> Lernen Sie die innovative StableNet L\u00f6sung durch unser Gfi Business  Webinar kennen und stellen Sie w\u00e4hrend der Live-Demo ihre Fragen. <\/p>\n\n\n\n<p><strong>PROGRAMM<\/strong><\/p>\n\n\n\n<p>09h30 &#8212; Begr\u00fcssung, Einf\u00fchrung Gfi Switzerland<br>09h45 &#8212; <strong>StableNet Einf\u00fchrung<\/strong><br>10h15 &#8212; <strong>StableNet Live-Demo mit Q&amp;A<\/strong><br>10h45 &#8212; Zusammenfassung<br>11h00 &#8212; offizielles Ende<\/p>\n\n\n\n<p><strong>DOWNLOADS<\/strong><\/p>\n\n\n\n<div class=\"wp-block-file\"><a href=\"https:\/\/events.inetum.ch\/wp-content\/uploads\/2020\/04\/Gfi_Business_Webinar_e0p1.pdf\">Gfi Business Webinar<\/a><a href=\"https:\/\/events.inetum.ch\/wp-content\/uploads\/2020\/04\/Gfi_Business_Webinar_e0p1.pdf\" class=\"wp-block-file__button\" download>Herunterladen<\/a><\/div>\n\n\n\n<div class=\"wp-block-file\"><a href=\"https:\/\/events.inetum.ch\/wp-content\/uploads\/2020\/04\/Infosim_Company-and-Solution-Summary_04-2020_short_v1.pdf\">Infosim Company and Solution Summary<\/a><a href=\"https:\/\/events.inetum.ch\/wp-content\/uploads\/2020\/04\/Infosim_Company-and-Solution-Summary_04-2020_short_v1.pdf\" class=\"wp-block-file__button\" download>Herunterladen<\/a><\/div>\n\n\n\n<p><strong>PARTNER<\/strong><\/p>\n\n\n\n<figure class=\"wp-block-image size-large is-resized\"><img loading=\"lazy\" decoding=\"async\" src=\"https:\/\/events.inetum.ch\/wp-content\/uploads\/2019\/11\/Infosim_logo.png\" alt=\"\" class=\"wp-image-134\" width=\"186\" height=\"76\" srcset=\"https:\/\/events.inetum.ch\/wp-content\/uploads\/2019\/11\/Infosim_logo.png 351w, https:\/\/events.inetum.ch\/wp-content\/uploads\/2019\/11\/Infosim_logo-300x122.png 300w\" sizes=\"(max-width: 186px) 100vw, 186px\" \/><\/figure>\n\n\n\n<p><strong>Mehr zu StableNet<\/strong><\/p>\n\n\n\n<figure class=\"wp-block-embed-youtube wp-block-embed is-type-video is-provider-youtube wp-embed-aspect-16-9 wp-has-aspect-ratio\"><div class=\"wp-block-embed__wrapper\">\nhttps:\/\/www.youtube.com\/watch?v=xqewjlmv1Dk\n<\/div><\/figure>\n","protected":false},"excerpt":{"rendered":"<p>EVENT Gfi Business Webinar: Unified Next-Generation Network &amp; Services Management L\u00f6sung Donnerstag, 23. April 2020 \u2013 09:30 bis 11:00 Uhr StableNet der Firma Infosim bietet&#8230;<\/p>\n<div class=\"more-link-wrapper\"><a class=\"more-link\" href=\"https:\/\/events.inetum.ch\/?page_id=176\">Weiterlesen<span class=\"screen-reader-text\">2020-04-23 | Gfi Business Webinar: Unified Next-Generation Network &#038; Services Management L\u00f6sung<\/span><\/a><\/div>\n","protected":false},"author":2,"featured_media":0,"parent":0,"menu_order":0,"comment_status":"closed","ping_status":"closed","template":"","meta":{"footnotes":""},"_links":{"self":[{"href":"https:\/\/events.inetum.ch\/index.php?rest_route=\/wp\/v2\/pages\/176"}],"collection":[{"href":"https:\/\/events.inetum.ch\/index.php?rest_route=\/wp\/v2\/pages"}],"about":[{"href":"https:\/\/events.inetum.ch\/index.php?rest_route=\/wp\/v2\/types\/page"}],"author":[{"embeddable":true,"href":"https:\/\/events.inetum.ch\/index.php?rest_route=\/wp\/v2\/users\/2"}],"replies":[{"embeddable":true,"href":"https:\/\/events.inetum.ch\/index.php?rest_route=%2Fwp%2Fv2%2Fcomments&post=176"}],"version-history":[{"count":5,"href":"https:\/\/events.inetum.ch\/index.php?rest_route=\/wp\/v2\/pages\/176\/revisions"}],"predecessor-version":[{"id":186,"href":"https:\/\/events.inetum.ch\/index.php?rest_route=\/wp\/v2\/pages\/176\/revisions\/186"}],"wp:attachment":[{"href":"https:\/\/events.inetum.ch\/index.php?rest_route=%2Fwp%2Fv2%2Fmedia&parent=176"}],"curies":[{"name":"wp","href":"https:\/\/api.w.org\/{rel}","templated":true}]}}