{"id":639,"date":"2024-07-11T12:19:10","date_gmt":"2024-07-11T10:19:10","guid":{"rendered":"https:\/\/events.inetum.ch\/?page_id=639"},"modified":"2024-08-20T15:52:43","modified_gmt":"2024-08-20T13:52:43","slug":"2024-09-10-inetum-business-breakfast","status":"publish","type":"page","link":"https:\/\/events.inetum.ch\/?page_id=639","title":{"rendered":"2024-09-10 | Inetum Business Breakfast"},"content":{"rendered":"\n<figure class=\"wp-block-image size-large\"><img loading=\"lazy\" decoding=\"async\" width=\"1024\" height=\"643\" src=\"https:\/\/events.inetum.ch\/wp-content\/uploads\/2024\/07\/Business_Breakfast_Logo-1024x643.png\" alt=\"\" class=\"wp-image-646\" srcset=\"https:\/\/events.inetum.ch\/wp-content\/uploads\/2024\/07\/Business_Breakfast_Logo-1024x643.png 1024w, https:\/\/events.inetum.ch\/wp-content\/uploads\/2024\/07\/Business_Breakfast_Logo-300x188.png 300w, https:\/\/events.inetum.ch\/wp-content\/uploads\/2024\/07\/Business_Breakfast_Logo-768x482.png 768w, https:\/\/events.inetum.ch\/wp-content\/uploads\/2024\/07\/Business_Breakfast_Logo-1536x965.png 1536w, https:\/\/events.inetum.ch\/wp-content\/uploads\/2024\/07\/Business_Breakfast_Logo.png 1581w\" sizes=\"(max-width: 1024px) 100vw, 1024px\" \/><\/figure>\n\n\n\n<p class=\"has-text-color has-link-color wp-elements-ba8471eca84d982b4a68b5a07e432e41\" style=\"color:#00aa9b\"><strong>EVENT<\/strong><\/p>\n\n\n\n<p class=\"has-text-align-center has-vivid-red-color has-text-color has-link-color wp-elements-5dc3e4511bbd0e6b6678e8d973ec300c\"><strong><em>Veranstaltung abgesagt<\/em><\/strong><\/p>\n\n\n\n<h1 class=\"wp-block-heading\"><strong>Entscheidungen im Infrastruktur- und Servicemanagement auf belastbaren Grundlagen treffen<\/strong><\/h1>\n\n\n\n<h3 class=\"wp-block-heading has-text-color has-link-color wp-elements-839cc453175a504b9841c548c2f0dbc7\" style=\"color:#ef4641\"><strong>Dienstag, 10. September 2024 \u2013 08:45 bis 11:00 Uhr<\/strong>, <strong>Swisslife Arena<\/strong><\/h3>\n\n\n\n<p>Die Kosten im Infrastrukturbereich sind signifikant. Die darauf abgebildeten Services sind businesskritisch f\u00fcr Service Provider, Betreiber von kritischer Infrastruktur als auch Enterprises. Umso wichtiger ist, dass Entscheidungen in diesem Bereich auf einer fundierten Grundlage gef\u00e4llt werden. Mit unserer Veranstaltung m\u00f6chten wir Ihnen gemeinsam mit unseren Partnern aufschlussreiche Ans\u00e4tze n\u00e4her bringen.<\/p>\n\n\n\n<p>Wir laden Sie herzlich zu unserem Breakfast-Event mit inspirierenden Vortr\u00e4gen<br>und spannenden Diskussionen bei einem k\u00f6stlichen Brunch ein.<\/p>\n\n\n\n<p class=\"has-text-color has-link-color wp-elements-4c860120d589deb9da57bbeaac7aa7b2\" style=\"color:#00aa9b\"><strong>PROGRAMM<\/strong><\/p>\n\n\n\n<p>08h45 &#8212; Registration<br>09h00 &#8212; Begr\u00fcssung, Morgenkaffee und Brunch<br>09h05 &#8212; <strong>Referat FNT<\/strong> (Matthias Gromann)<br>09h25 &#8212; Pause mit ersten Diskussionen<br>09h45 &#8212; <strong>Referat Infosim<\/strong> (Martin Schneider, Udo Kopp)<br>10h05 &#8212; Zusammenfassung, Erfahrungsaustausch und Diskussion<br>11h00 &#8212; offizielles Ende<\/p>\n\n\n\n<p class=\"has-text-color has-link-color wp-elements-3bd6fe20ae151c952db295d9c9e11d62\" style=\"color:#00aa9b\"><strong>REFERAT FNT<\/strong><\/p>\n\n\n\n<p><strong>Double Transformation \u2013 Vom Chaos der Vergangenheit zur Ordnung der Gegenwart \u2013 von der Ordnung der Gegenwart in die Zukunft des Digital Twins<\/strong><br>Um als Betreiber gro\u00dfer RZ- und Netzwerkinfrastrukturen in der Zukunft erfolgreich zu sein, muss Transparenz geschaffen &amp; Komplexit\u00e4t handhabbar gemacht werden. Prozesse und Change-Management m\u00fcssen effizienter und durch ein stringentes Controlling begleitet werden. Neue Herausforderungen im Bereich der Compliance und Sustainability m\u00fcssen gemeistert werden ohne neue Aufw\u00e4nde zu generieren. Gehen Sie mit uns auf diese Reise einer doppelten Transformation des Infrastruktur-Managements.<br><em><strong>Referent:<\/strong><\/em><br><em>Matthias Gromann, Director Enterprise IT &amp; Data Center (DCIM) Solutions<\/em>, <em>FNT Software GmbH<\/em><br><\/p>\n\n\n\n<p class=\"has-text-color has-link-color wp-elements-149ee2830e84d2055dbc9eff6dedbd6c\" style=\"color:#00aa9b\"><strong>REFERAT Infosim Group<\/strong><\/p>\n\n\n\n<p><strong>Zielgerichtete Entscheidungen in Infrastruktur- und Servicemanagement vorbereiten<\/strong><br>Das Ziel der Infosim\u00ae Group und unseren Partnern Inetum und FNT ist es \u201ezielgerichtete Entscheidungen in Infrastruktur- und Servicemanagement\u201c zu erm\u00f6glichen. Die IT\/Netzwerk Infrastruktur ist f\u00fcr Unternehmen businesskritisch. Infosim\u00ae erfasst mit dem Produkt StableNet\u00ae wichtige Parameter aus dem Netzwerk und aggregiert diese zu entsprechenden KPIs zur Entscheidungsfindung. Unser Know-How gepaart mit unserem integrierten BI System SKOOR bereitet diese Entscheidungsfindung optimal vor.<br><em><strong>Referenten:<\/strong><\/em><br><em>Martin Schneider, CEO, SKOOR GmbH<\/em><br><em>Udo Kopp, Director Sales EMEA, Infosim\u00ae GmbH &amp; Co. KG<\/em><\/p>\n\n\n\n<p class=\"has-text-color has-link-color wp-elements-8a2ef595c49cf2d7e92beae2105cd22e\" style=\"color:#00aa9b\"><strong>ANMELDUNG<\/strong><\/p>\n\n\n\n<a title=\"Online buchen\" href=\"https:\/\/bookwhen.com\/de\/inetum\/e\/ev-skbw-20240910084500\" target=\"_blank\" rel=\"noopener noreferrer\"><img decoding=\"async\" style=\"width:105px;height:22px;\" alt=\"Online buchen\" src=\"https:\/\/d1abtw6bgq2xi2.cloudfront.net\/images\/bookonline_button.png\"><\/a>\n\n\n\n<p class=\"has-text-color has-link-color wp-elements-718da9c4485ae1df0df94c4882874cb4\" style=\"color:#00aa9b\"><strong>PARTNER<\/strong><\/p>\n\n\n\n<figure class=\"wp-block-gallery has-nested-images columns-default is-cropped wp-block-gallery-1 is-layout-flex wp-block-gallery-is-layout-flex\">\n<figure class=\"wp-block-image size-large\"><img loading=\"lazy\" decoding=\"async\" width=\"1024\" height=\"216\" data-id=\"652\" src=\"https:\/\/events.inetum.ch\/wp-content\/uploads\/2024\/07\/FNT-Infosim_logo-1024x216.png\" alt=\"\" class=\"wp-image-652\" srcset=\"https:\/\/events.inetum.ch\/wp-content\/uploads\/2024\/07\/FNT-Infosim_logo-1024x216.png 1024w, https:\/\/events.inetum.ch\/wp-content\/uploads\/2024\/07\/FNT-Infosim_logo-300x63.png 300w, https:\/\/events.inetum.ch\/wp-content\/uploads\/2024\/07\/FNT-Infosim_logo-768x162.png 768w, https:\/\/events.inetum.ch\/wp-content\/uploads\/2024\/07\/FNT-Infosim_logo.png 1417w\" sizes=\"(max-width: 1024px) 100vw, 1024px\" \/><\/figure>\n<\/figure>\n\n\n\n<p><\/p>\n","protected":false},"excerpt":{"rendered":"<p>EVENT Veranstaltung abgesagt Entscheidungen im Infrastruktur- und Servicemanagement auf belastbaren Grundlagen treffen Dienstag, 10. September 2024 \u2013 08:45 bis 11:00 Uhr, Swisslife Arena Die Kosten&#8230;<\/p>\n<div class=\"more-link-wrapper\"><a class=\"more-link\" href=\"https:\/\/events.inetum.ch\/?page_id=639\">Weiterlesen<span class=\"screen-reader-text\">2024-09-10 | Inetum Business Breakfast<\/span><\/a><\/div>\n","protected":false},"author":2,"featured_media":0,"parent":0,"menu_order":0,"comment_status":"closed","ping_status":"closed","template":"","meta":{"footnotes":""},"_links":{"self":[{"href":"https:\/\/events.inetum.ch\/index.php?rest_route=\/wp\/v2\/pages\/639"}],"collection":[{"href":"https:\/\/events.inetum.ch\/index.php?rest_route=\/wp\/v2\/pages"}],"about":[{"href":"https:\/\/events.inetum.ch\/index.php?rest_route=\/wp\/v2\/types\/page"}],"author":[{"embeddable":true,"href":"https:\/\/events.inetum.ch\/index.php?rest_route=\/wp\/v2\/users\/2"}],"replies":[{"embeddable":true,"href":"https:\/\/events.inetum.ch\/index.php?rest_route=%2Fwp%2Fv2%2Fcomments&post=639"}],"version-history":[{"count":17,"href":"https:\/\/events.inetum.ch\/index.php?rest_route=\/wp\/v2\/pages\/639\/revisions"}],"predecessor-version":[{"id":664,"href":"https:\/\/events.inetum.ch\/index.php?rest_route=\/wp\/v2\/pages\/639\/revisions\/664"}],"wp:attachment":[{"href":"https:\/\/events.inetum.ch\/index.php?rest_route=%2Fwp%2Fv2%2Fmedia&parent=639"}],"curies":[{"name":"wp","href":"https:\/\/api.w.org\/{rel}","templated":true}]}}